{"id":602,"date":"2023-03-24T10:58:01","date_gmt":"2023-03-24T10:58:01","guid":{"rendered":"https:\/\/wojciechowskafotografia.pl\/?page_id=602"},"modified":"2025-12-26T19:47:23","modified_gmt":"2025-12-26T19:47:23","slug":"regulamin","status":"publish","type":"page","link":"https:\/\/wojciechowskafotografia.pl\/index.php\/regulamin\/","title":{"rendered":"Regulamin"},"content":{"rendered":"\t\t<div data-elementor-type=\"wp-page\" data-elementor-id=\"602\" class=\"elementor elementor-602\">\n\t\t\t\t\t\t\t\t\t<section class=\"elementor-section elementor-top-section elementor-element elementor-element-41c7fe6 elementor-section-full_width elementor-section-height-min-height elementor-section-content-middle elementor-section-height-default elementor-section-items-middle\" data-id=\"41c7fe6\" data-element_type=\"section\" data-settings=\"{&quot;background_background&quot;:&quot;classic&quot;}\">\n\t\t\t\t\t\t<div class=\"elementor-container elementor-column-gap-extended\">\n\t\t\t\t\t<div class=\"elementor-column elementor-col-100 elementor-top-column elementor-element elementor-element-e9f37f4\" data-id=\"e9f37f4\" data-element_type=\"column\">\n\t\t\t<div class=\"elementor-widget-wrap elementor-element-populated\">\n\t\t\t\t\t\t\t\t<div class=\"elementor-element elementor-element-135b809 elementor-widget elementor-widget-heading\" data-id=\"135b809\" data-element_type=\"widget\" data-widget_type=\"heading.default\">\n\t\t\t\t<div class=\"elementor-widget-container\">\n\t\t\t<style>\/*! elementor - v3.9.2 - 21-12-2022 *\/\n.elementor-heading-title{padding:0;margin:0;line-height:1}.elementor-widget-heading .elementor-heading-title[class*=elementor-size-]>a{color:inherit;font-size:inherit;line-height:inherit}.elementor-widget-heading .elementor-heading-title.elementor-size-small{font-size:15px}.elementor-widget-heading .elementor-heading-title.elementor-size-medium{font-size:19px}.elementor-widget-heading .elementor-heading-title.elementor-size-large{font-size:29px}.elementor-widget-heading .elementor-heading-title.elementor-size-xl{font-size:39px}.elementor-widget-heading .elementor-heading-title.elementor-size-xxl{font-size:59px}<\/style><h2 class=\"elementor-heading-title elementor-size-default\">Regulamin<\/h2>\t\t<\/div>\n\t\t\t\t<\/div>\n\t\t\t\t\t<\/div>\n\t\t<\/div>\n\t\t\t\t\t\t\t<\/div>\n\t\t<\/section>\n\t\t\t\t<section class=\"elementor-section elementor-top-section elementor-element elementor-element-12362f3 elementor-section-boxed elementor-section-height-default elementor-section-height-default\" data-id=\"12362f3\" data-element_type=\"section\" data-settings=\"{&quot;background_background&quot;:&quot;classic&quot;}\">\n\t\t\t\t\t\t<div class=\"elementor-container elementor-column-gap-default\">\n\t\t\t\t\t<div class=\"elementor-column elementor-col-100 elementor-top-column elementor-element elementor-element-51b8ad8\" data-id=\"51b8ad8\" data-element_type=\"column\">\n\t\t\t<div class=\"elementor-widget-wrap elementor-element-populated\">\n\t\t\t\t\t\t\t\t<div class=\"elementor-element elementor-element-a4d4f7c elementor-widget elementor-widget-image\" data-id=\"a4d4f7c\" data-element_type=\"widget\" data-widget_type=\"image.default\">\n\t\t\t\t<div class=\"elementor-widget-container\">\n\t\t\t<style>\/*! elementor - v3.9.2 - 21-12-2022 *\/\n.elementor-widget-image{text-align:center}.elementor-widget-image a{display:inline-block}.elementor-widget-image a img[src$=\".svg\"]{width:48px}.elementor-widget-image img{vertical-align:middle;display:inline-block}<\/style>\t\t\t\t\t\t\t\t\t\t\t\t<img loading=\"lazy\" decoding=\"async\" width=\"300\" height=\"60\" src=\"https:\/\/wojciechowskafotografia.pl\/wp-content\/uploads\/2023\/03\/logo-czarne-300x60.png\" class=\"attachment-medium size-medium wp-image-42\" alt=\"\" srcset=\"https:\/\/wojciechowskafotografia.pl\/wp-content\/uploads\/2023\/03\/logo-czarne-300x60.png 300w, https:\/\/wojciechowskafotografia.pl\/wp-content\/uploads\/2023\/03\/logo-czarne.png 654w\" sizes=\"auto, (max-width: 300px) 100vw, 300px\" \/>\t\t\t\t\t\t\t\t\t\t\t\t\t\t\t<\/div>\n\t\t\t\t<\/div>\n\t\t\t\t<div class=\"elementor-element elementor-element-aeb2e9d elementor-widget elementor-widget-heading\" data-id=\"aeb2e9d\" data-element_type=\"widget\" data-widget_type=\"heading.default\">\n\t\t\t\t<div class=\"elementor-widget-container\">\n\t\t\t<h2 class=\"elementor-heading-title elementor-size-default\">Regulamin Sesji Fotograficznych<\/h2>\t\t<\/div>\n\t\t\t\t<\/div>\n\t\t\t\t<div class=\"elementor-element elementor-element-ad130f9 elementor-widget elementor-widget-text-editor\" data-id=\"ad130f9\" data-element_type=\"widget\" data-widget_type=\"text-editor.default\">\n\t\t\t\t<div class=\"elementor-widget-container\">\n\t\t\t<style>\/*! elementor - v3.9.2 - 21-12-2022 *\/\n.elementor-widget-text-editor.elementor-drop-cap-view-stacked .elementor-drop-cap{background-color:#818a91;color:#fff}.elementor-widget-text-editor.elementor-drop-cap-view-framed .elementor-drop-cap{color:#818a91;border:3px solid;background-color:transparent}.elementor-widget-text-editor:not(.elementor-drop-cap-view-default) .elementor-drop-cap{margin-top:8px}.elementor-widget-text-editor:not(.elementor-drop-cap-view-default) .elementor-drop-cap-letter{width:1em;height:1em}.elementor-widget-text-editor .elementor-drop-cap{float:left;text-align:center;line-height:1;font-size:50px}.elementor-widget-text-editor .elementor-drop-cap-letter{display:inline-block}<\/style>\t\t\t\t<p>Niniejszy Regulamin okre\u015bla zasady wsp\u00f3\u0142pracy pomi\u0119dzy Wojciechowska Fotografia, zwan\u0105 dalej Fotografem, a osobami korzystaj\u0105cymi z us\u0142ug fotograficznych, zwanymi dalej Klientami.<br data-start=\"632\" data-end=\"635\" \/>Regulamin zosta\u0142 stworzony w oparciu o wieloletnie do\u015bwiadczenie, w trosce o komfort, jasne zasady i wzajemny szacunek obu stron.<\/p><p>Rezerwuj\u0105c sesj\u0119 fotograficzn\u0105 oraz bior\u0105c w niej udzia\u0142, Klient o\u015bwiadcza, \u017ce zapozna\u0142 si\u0119 z tre\u015bci\u0105 Regulaminu Wojciechowska Fotografia i w pe\u0142ni go akceptuje.<\/p><p data-start=\"766\" data-end=\"859\">Rezerwacja terminu sesji jest r\u00f3wnoznaczna z zapoznaniem si\u0119 z Regulaminem i jego akceptacj\u0105.<\/p><hr data-start=\"861\" data-end=\"864\" \/><h2 data-start=\"866\" data-end=\"890\">\u00a71. Informacje og\u00f3lne<\/h2><ol data-start=\"891\" data-end=\"1190\"><li data-start=\"891\" data-end=\"955\"><p data-start=\"894\" data-end=\"955\">Fotograf \u015bwiadczy us\u0142ugi fotograficzne jako osoba fizyczna.<\/p><\/li><li data-start=\"956\" data-end=\"1190\"><p data-start=\"959\" data-end=\"1042\">Regulamin dotyczy wszystkich rodzaj\u00f3w sesji fotograficznych, w tym w szczeg\u00f3lno\u015bci:<\/p><ul data-start=\"1046\" data-end=\"1190\"><li data-start=\"1046\" data-end=\"1084\"><p data-start=\"1048\" data-end=\"1084\">sesji indywidualnych i rodzinnych,<\/p><\/li><li data-start=\"1088\" data-end=\"1123\"><p data-start=\"1090\" data-end=\"1123\">sesji plenerowych i studyjnych,<\/p><\/li><li data-start=\"1127\" data-end=\"1159\"><p data-start=\"1129\" data-end=\"1159\">reporta\u017cy okoliczno\u015bciowych,<\/p><\/li><li data-start=\"1163\" data-end=\"1190\"><p data-start=\"1165\" data-end=\"1190\">reporta\u017cy \u015blubnych.<\/p><\/li><\/ul><\/li><\/ol><hr data-start=\"1192\" data-end=\"1195\" \/><h2 data-start=\"1197\" data-end=\"1232\">\u00a72. Rezerwacja terminu i zadatek<\/h2><ol data-start=\"1233\" data-end=\"1921\"><li data-start=\"1233\" data-end=\"1324\"><p data-start=\"1236\" data-end=\"1324\">Rezerwacja terminu sesji nast\u0119puje po wcze\u015bniejszym potwierdzeniu dost\u0119pno\u015bci terminu.<\/p><\/li><li data-start=\"1325\" data-end=\"1421\"><p data-start=\"1328\" data-end=\"1421\">Warunkiem rezerwacji terminu jest wp\u0142ata zadatku w wysoko\u015bci 10% warto\u015bci ca\u0142ej us\u0142ugi.<\/p><\/li><li data-start=\"1422\" data-end=\"1524\"><p data-start=\"1425\" data-end=\"1524\">Zadatek ma charakter zabezpieczaj\u0105cy termin i jest bezzwrotny w przypadku rezygnacji Klienta.<\/p><\/li><li data-start=\"1525\" data-end=\"1921\"><p data-start=\"1528\" data-end=\"1628\">W przypadku, gdy realizacja sesji nie mo\u017ce doj\u015b\u0107 do skutku z przyczyn le\u017c\u0105cych po stronie Fotografa:<\/p><ul data-start=\"1632\" data-end=\"1921\"><li data-start=\"1632\" data-end=\"1718\"><p data-start=\"1634\" data-end=\"1718\">w pierwszej kolejno\u015bci Fotograf podejmuje pr\u00f3b\u0119 znalezienia fotografa zast\u0119pczego,<\/p><\/li><li data-start=\"1722\" data-end=\"1807\"><p data-start=\"1724\" data-end=\"1807\">w przypadku braku takiej mo\u017cliwo\u015bci zadatek zostaje zwr\u00f3cony Klientowi w ca\u0142o\u015bci,<\/p><\/li><li data-start=\"1811\" data-end=\"1921\"><p data-start=\"1813\" data-end=\"1921\">je\u017celi istnieje taka mo\u017cliwo\u015b\u0107, termin sesji mo\u017ce zosta\u0107 przeniesiony na inny, dogodny dla obu stron termin.<\/p><\/li><\/ul><\/li><\/ol><hr data-start=\"1923\" data-end=\"1926\" \/><h2 data-start=\"1928\" data-end=\"1955\">\u00a73. Zmiana terminu sesji<\/h2><ol data-start=\"1956\" data-end=\"2292\"><li data-start=\"1956\" data-end=\"2081\"><p data-start=\"1959\" data-end=\"2081\">Ka\u017cda zmiana terminu sesji wymaga poinformowania Fotografa nie p\u00f3\u017aniej ni\u017c 3 dni robocze przed planowan\u0105 dat\u0105 sesji.<\/p><\/li><li data-start=\"2082\" data-end=\"2169\"><p data-start=\"2085\" data-end=\"2169\">Zmiana terminu mo\u017cliwa jest po uzgodnieniu nowego terminu i dost\u0119pno\u015bci Fotografa.<\/p><\/li><li data-start=\"2170\" data-end=\"2292\"><p data-start=\"2173\" data-end=\"2292\">Brak informacji w powy\u017cszym terminie skutkuje traktowaniem rezygnacji jako odst\u0105pienia od umowy, z zachowaniem zadatku.<\/p><\/li><\/ol><hr data-start=\"2294\" data-end=\"2297\" \/><h2 data-start=\"2299\" data-end=\"2345\">\u00a74. Sesje plenerowe i warunki atmosferyczne<\/h2><ol data-start=\"2346\" data-end=\"2858\"><li data-start=\"2346\" data-end=\"2515\"><p data-start=\"2349\" data-end=\"2515\">W przypadku sesji plenerowych decyzja o realizacji sesji przy niepewnych lub zmiennych warunkach pogodowych podejmowana jest wsp\u00f3lnie przez Fotografa i Klienta.<\/p><\/li><li data-start=\"2516\" data-end=\"2771\"><p data-start=\"2519\" data-end=\"2611\">Klient jest \u015bwiadomy, \u017ce realizacja sesji w niesprzyjaj\u0105cych warunkach atmosferycznych mo\u017ce:<\/p><ul data-start=\"2615\" data-end=\"2771\"><li data-start=\"2615\" data-end=\"2643\"><p data-start=\"2617\" data-end=\"2643\">utrudni\u0107 przebieg sesji,<\/p><\/li><li data-start=\"2647\" data-end=\"2676\"><p data-start=\"2649\" data-end=\"2676\">wp\u0142yn\u0105\u0107 na komfort pracy,<\/p><\/li><li data-start=\"2680\" data-end=\"2771\"><p data-start=\"2682\" data-end=\"2771\">obni\u017cy\u0107 mo\u017cliwo\u015bci techniczne i artystyczne uzyskania optymalnego efektu ko\u0144cowego.<\/p><\/li><\/ul><\/li><li data-start=\"2772\" data-end=\"2858\"><p data-start=\"2775\" data-end=\"2858\">Wyb\u00f3r realizacji sesji w takich warunkach oznacza akceptacj\u0119 powy\u017cszych ogranicze\u0144.<\/p><\/li><\/ol><hr data-start=\"2860\" data-end=\"2863\" \/><h2 data-start=\"2865\" data-end=\"2884\">\u00a75. Punktualno\u015b\u0107<\/h2><ol data-start=\"2885\" data-end=\"3334\"><li data-start=\"2885\" data-end=\"2949\"><p data-start=\"2888\" data-end=\"2949\">Punktualne stawienie si\u0119 Klienta na sesj\u0119 jest obowi\u0105zkowe.<\/p><\/li><li data-start=\"2950\" data-end=\"3057\"><p data-start=\"2953\" data-end=\"3057\">Sp\u00f3\u017anienie Klienta skutkuje skr\u00f3ceniem czasu sesji o czas sp\u00f3\u017anienia, bez mo\u017cliwo\u015bci jej przed\u0142u\u017cenia.<\/p><\/li><li data-start=\"3058\" data-end=\"3189\"><p data-start=\"3061\" data-end=\"3189\">W przypadku sp\u00f3\u017anienia Klienta przekraczaj\u0105cego 30 minut Fotograf zastrzega sobie prawo do odwo\u0142ania sesji bez zwrotu zadatku.<\/p><\/li><li data-start=\"3190\" data-end=\"3334\"><p data-start=\"3193\" data-end=\"3334\">W przypadku sp\u00f3\u017anienia Fotografa czas sesji zostaje wyd\u0142u\u017cony o czas sp\u00f3\u017anienia, tak aby Klient otrzyma\u0142 pe\u0142ny, um\u00f3wiony czas realizacji.<\/p><\/li><\/ol><hr data-start=\"3336\" data-end=\"3339\" \/><h2 data-start=\"3341\" data-end=\"3362\">\u00a76. Przebieg sesji<\/h2><ol data-start=\"3363\" data-end=\"3582\"><li data-start=\"3363\" data-end=\"3483\"><p data-start=\"3366\" data-end=\"3483\">Podczas sesji obowi\u0105zuje bezwzgl\u0119dny zakaz wykonywania zdj\u0119\u0107 oraz nagra\u0144 wideo przez Klienta lub osoby trzecie.<\/p><\/li><li data-start=\"3484\" data-end=\"3582\"><p data-start=\"3487\" data-end=\"3582\">Zakaz ten ma na celu zachowanie sp\u00f3jno\u015bci stylistycznej materia\u0142u oraz komfort pracy Fotografa.<\/p><\/li><\/ol><hr data-start=\"3584\" data-end=\"3587\" \/><h2 data-start=\"3589\" data-end=\"3622\">\u00a77. Styl pracy i postprodukcja<\/h2><ol data-start=\"3623\" data-end=\"4151\"><li data-start=\"3623\" data-end=\"3757\"><p data-start=\"3626\" data-end=\"3757\">Rezerwuj\u0105c sesj\u0119 Klient o\u015bwiadcza, \u017ce zapozna\u0142 si\u0119 z portfolio Fotografa i akceptuje jego styl pracy oraz estetyk\u0119 obr\u00f3bki zdj\u0119\u0107.<\/p><\/li><li data-start=\"3758\" data-end=\"3824\"><p data-start=\"3761\" data-end=\"3824\">Fotograf wykonuje zdj\u0119cia zgodnie z w\u0142asn\u0105 wizj\u0105 artystyczn\u0105.<\/p><\/li><li data-start=\"3825\" data-end=\"3875\"><p data-start=\"3828\" data-end=\"3875\">Fotograf nie przekazuje zdj\u0119\u0107 surowych (RAW).<\/p><\/li><li data-start=\"3876\" data-end=\"4005\"><p data-start=\"3879\" data-end=\"4005\">Zabrania si\u0119 ingerencji w zdj\u0119cia przez Klienta lub osoby trzecie (w szczeg\u00f3lno\u015bci: filtr\u00f3w, zmian kolorystyki, kadrowania).<\/p><\/li><li data-start=\"4006\" data-end=\"4151\"><p data-start=\"4009\" data-end=\"4151\">Fotograf nie wykonuje fotomonta\u017cy ani istotnych zmian element\u00f3w zdj\u0119cia, natomiast wykonuje staranny retusz estetyczny zgodny ze swoim stylem.<\/p><\/li><\/ol><hr data-start=\"4153\" data-end=\"4156\" \/><h2 data-start=\"4158\" data-end=\"4176\">\u00a78. Wyb\u00f3r zdj\u0119\u0107<\/h2><ol data-start=\"4177\" data-end=\"4620\"><li data-start=\"4177\" data-end=\"4285\"><p data-start=\"4180\" data-end=\"4285\">Fotograf udost\u0119pnia Klientowi galeri\u0119 zdj\u0119\u0107 do wyboru w terminie do 10 dni roboczych od dnia sesji.<\/p><\/li><li data-start=\"4286\" data-end=\"4432\"><p data-start=\"4289\" data-end=\"4432\">Klient zobowi\u0105zany jest do dokonania wyboru zdj\u0119\u0107 do obr\u00f3bki w terminie 3 miesi\u0119cy (90 dni kalendarzowych) od dnia udost\u0119pnienia galerii.<\/p><\/li><li data-start=\"4433\" data-end=\"4620\"><p data-start=\"4436\" data-end=\"4484\">Brak wyboru zdj\u0119\u0107 w powy\u017cszym terminie skutkuje:<\/p><ul data-start=\"4488\" data-end=\"4620\"><li data-start=\"4488\" data-end=\"4545\"><p data-start=\"4490\" data-end=\"4545\">wyd\u0142u\u017ceniem czasu realizacji do 90 dni roboczych,<\/p><\/li><li data-start=\"4549\" data-end=\"4620\"><p data-start=\"4551\" data-end=\"4620\">realizacj\u0105 zam\u00f3wienia w p\u00f3\u017aniejszym, dogodnym dla Fotografa terminie.<\/p><\/li><\/ul><\/li><\/ol><hr data-start=\"4622\" data-end=\"4625\" \/><h2 data-start=\"4627\" data-end=\"4651\">\u00a79. Dodatkowe zdj\u0119cia<\/h2><ol data-start=\"4652\" data-end=\"4920\"><li data-start=\"4652\" data-end=\"4717\"><p data-start=\"4655\" data-end=\"4717\">Istnieje mo\u017cliwo\u015b\u0107 dokupienia dodatkowych uj\u0119\u0107 ponad pakiet.<\/p><\/li><li data-start=\"4718\" data-end=\"4830\"><p data-start=\"4721\" data-end=\"4830\">Cena dodatkowych zdj\u0119\u0107 ustalana jest indywidualnie, w zale\u017cno\u015bci od rodzaju sesji oraz potrzeb Klienta.<\/p><\/li><li data-start=\"4831\" data-end=\"4920\"><p data-start=\"4834\" data-end=\"4920\">Fotograf ka\u017cdorazowo d\u0105\u017cy do osi\u0105gni\u0119cia porozumienia satysfakcjonuj\u0105cego obie strony.<\/p><\/li><\/ol><hr data-start=\"4922\" data-end=\"4925\" \/><h2 data-start=\"4927\" data-end=\"4960\">\u00a710. Realizacja i archiwizacja<\/h2><ol data-start=\"4961\" data-end=\"5399\"><li data-start=\"4961\" data-end=\"5073\"><p data-start=\"4964\" data-end=\"5073\">Gotowe zdj\u0119cia przekazywane s\u0105 Klientowi w terminie do 30 dni roboczych od dnia dokonania wyboru zdj\u0119\u0107.<\/p><\/li><li data-start=\"5074\" data-end=\"5201\"><p data-start=\"5077\" data-end=\"5201\">Fotograf zastrzega sobie prawo do wyd\u0142u\u017cenia terminu realizacji w przypadku choroby, urlopu lub zwi\u0119kszonej liczby zlece\u0144.<\/p><\/li><li data-start=\"5202\" data-end=\"5276\"><p data-start=\"5205\" data-end=\"5276\">Nieobrobione zdj\u0119cia s\u0105 usuwane po zako\u0144czeniu realizacji zam\u00f3wienia.<\/p><\/li><li data-start=\"5277\" data-end=\"5399\"><p data-start=\"5280\" data-end=\"5399\">Obrobione zdj\u0119cia przechowywane s\u0105 przez okres 2 miesi\u0119cy od dnia przekazania Klientowi, po czym s\u0105 trwale usuwane.<\/p><\/li><\/ol><hr data-start=\"5401\" data-end=\"5404\" \/><h2 data-start=\"5406\" data-end=\"5431\">\u00a711. Produkty fizyczne<\/h2><ol data-start=\"5432\" data-end=\"5671\"><li data-start=\"5432\" data-end=\"5522\"><p data-start=\"5435\" data-end=\"5522\">Zam\u00f3wione produkty nale\u017cy odebra\u0107 w terminie 30 dni od powiadomienia o gotowo\u015bci.<\/p><\/li><li data-start=\"5523\" data-end=\"5617\"><p data-start=\"5526\" data-end=\"5617\">Po tym terminie produkty mog\u0105 zosta\u0107 zutylizowane, bez prawa do roszcze\u0144 wobec Fotografa.<\/p><\/li><li data-start=\"5618\" data-end=\"5671\"><p data-start=\"5621\" data-end=\"5671\">Koszt ponownej realizacji produkt\u00f3w ponosi Klient.<\/p><\/li><\/ol><hr data-start=\"5673\" data-end=\"5676\" \/><h2 data-start=\"5678\" data-end=\"5706\">\u00a712. Publikacja wizerunku<\/h2><ol data-start=\"5707\" data-end=\"6106\"><li data-start=\"5707\" data-end=\"5795\"><p data-start=\"5710\" data-end=\"5795\">Zgoda na publikacj\u0119 wizerunku udzielana jest wy\u0142\u0105cznie w formie pisemnej umowy.<\/p><\/li><li data-start=\"5796\" data-end=\"5905\"><p data-start=\"5799\" data-end=\"5905\">Zgoda na publikacj\u0119 wizerunku os\u00f3b doros\u0142ych oraz wizerunku dzieci stanowi dwa odr\u0119bne o\u015bwiadczenia.<\/p><\/li><li data-start=\"5906\" data-end=\"5980\"><p data-start=\"5909\" data-end=\"5980\">W przypadku wizerunku dziecka zgod\u0119 wyra\u017caj\u0105 jego opiekunowie prawni.<\/p><\/li><li data-start=\"5981\" data-end=\"6047\"><p data-start=\"5984\" data-end=\"6047\">Brak zgody na publikacj\u0119 wizerunku nie wp\u0142ywa na cen\u0119 us\u0142ugi.<\/p><\/li><li data-start=\"6048\" data-end=\"6106\"><p data-start=\"6051\" data-end=\"6106\">Klient ma prawo w ka\u017cdej chwili cofn\u0105\u0107 udzielon\u0105 zgod\u0119.<\/p><\/li><\/ol><hr data-start=\"6108\" data-end=\"6111\" \/><h2 data-start=\"6113\" data-end=\"6142\">\u00a713. Postanowienia ko\u0144cowe<\/h2><ol data-start=\"6143\" data-end=\"6373\"><li data-start=\"6143\" data-end=\"6232\"><p data-start=\"6146\" data-end=\"6232\">Udzia\u0142 w sesji fotograficznej jest r\u00f3wnoznaczny z akceptacj\u0105 niniejszego Regulaminu.<\/p><\/li><li data-start=\"6233\" data-end=\"6373\"><p data-start=\"6236\" data-end=\"6373\">W sprawach nieuregulowanych Regulaminem zastosowanie maj\u0105 przepisy Kodeksu Cywilnego oraz ustawy o prawie autorskim i prawach pokrewnych.<\/p><\/li><\/ol>\t\t\t\t\t\t<\/div>\n\t\t\t\t<\/div>\n\t\t\t\t\t<\/div>\n\t\t<\/div>\n\t\t\t\t\t\t\t<\/div>\n\t\t<\/section>\n\t\t\t\t\t\t\t<\/div>\n\t\t","protected":false},"excerpt":{"rendered":"<p>Regulamin Regulamin Sesji Fotograficznych Niniejszy Regulamin okre\u015bla zasady wsp\u00f3\u0142pracy pomi\u0119dzy Wojciechowska Fotografia, zwan\u0105 dalej Fotografem, a osobami korzystaj\u0105cymi z us\u0142ug fotograficznych, zwanymi dalej Klientami.Regulamin zosta\u0142 stworzony w oparciu o wieloletnie do\u015bwiadczenie, w trosce o komfort, jasne zasady i wzajemny szacunek obu stron. Rezerwuj\u0105c sesj\u0119 fotograficzn\u0105 oraz bior\u0105c w niej udzia\u0142, [&hellip;]<\/p>\n","protected":false},"author":1,"featured_media":0,"parent":0,"menu_order":0,"comment_status":"closed","ping_status":"closed","template":"page-templates\/template-pagebuilder-full-width.php","meta":{"_monsterinsights_skip_tracking":false,"_monsterinsights_sitenote_active":false,"_monsterinsights_sitenote_note":"","_monsterinsights_sitenote_category":0,"footnotes":""},"class_list":["post-602","page","type-page","status-publish","hentry"],"aioseo_notices":[],"_links":{"self":[{"href":"https:\/\/wojciechowskafotografia.pl\/index.php\/wp-json\/wp\/v2\/pages\/602","targetHints":{"allow":["GET"]}}],"collection":[{"href":"https:\/\/wojciechowskafotografia.pl\/index.php\/wp-json\/wp\/v2\/pages"}],"about":[{"href":"https:\/\/wojciechowskafotografia.pl\/index.php\/wp-json\/wp\/v2\/types\/page"}],"author":[{"embeddable":true,"href":"https:\/\/wojciechowskafotografia.pl\/index.php\/wp-json\/wp\/v2\/users\/1"}],"replies":[{"embeddable":true,"href":"https:\/\/wojciechowskafotografia.pl\/index.php\/wp-json\/wp\/v2\/comments?post=602"}],"version-history":[{"count":28,"href":"https:\/\/wojciechowskafotografia.pl\/index.php\/wp-json\/wp\/v2\/pages\/602\/revisions"}],"predecessor-version":[{"id":1708,"href":"https:\/\/wojciechowskafotografia.pl\/index.php\/wp-json\/wp\/v2\/pages\/602\/revisions\/1708"}],"wp:attachment":[{"href":"https:\/\/wojciechowskafotografia.pl\/index.php\/wp-json\/wp\/v2\/media?parent=602"}],"curies":[{"name":"wp","href":"https:\/\/api.w.org\/{rel}","templated":true}]}}